{"id":25201,"date":"2021-04-17T02:45:40","date_gmt":"2021-04-17T02:45:40","guid":{"rendered":"http:\/\/multimedialoja.com\/?page_id=25201"},"modified":"2022-03-19T00:28:57","modified_gmt":"2022-03-19T00:28:57","slug":"servicios","status":"publish","type":"page","link":"https:\/\/multimedialoja.com\/index.php\/servicios\/","title":{"rendered":"Multimedia"},"content":{"rendered":"\t\t<div data-elementor-type=\"wp-page\" data-elementor-id=\"25201\" class=\"elementor elementor-25201\">\n\t\t\t\t\t\t\t\t\t<section class=\"elementor-section elementor-top-section elementor-element elementor-element-6f0a67e elementor-section-content-middle elementor-section-boxed elementor-section-height-default elementor-section-height-default\" data-id=\"6f0a67e\" data-element_type=\"section\">\n\t\t\t\t\t\t<div class=\"elementor-container elementor-column-gap-no\">\n\t\t\t\t\t<div class=\"elementor-column elementor-col-100 elementor-top-column elementor-element elementor-element-7a9526ff\" data-id=\"7a9526ff\" data-element_type=\"column\">\n\t\t\t<div class=\"elementor-widget-wrap elementor-element-populated\">\n\t\t\t\t\t\t\t\t<div class=\"elementor-element elementor-element-685b5600 elementor-widget elementor-widget-heading\" data-id=\"685b5600\" data-element_type=\"widget\" data-widget_type=\"heading.default\">\n\t\t\t\t<div class=\"elementor-widget-container\">\n\t\t\t<h4 class=\"elementor-heading-title elementor-size-default\">Profesionales a su servicio<\/h4>\t\t<\/div>\n\t\t\t\t<\/div>\n\t\t\t\t<div class=\"elementor-element elementor-element-34b3bc8c elementor-widget elementor-widget-heading\" data-id=\"34b3bc8c\" data-element_type=\"widget\" data-widget_type=\"heading.default\">\n\t\t\t\t<div class=\"elementor-widget-container\">\n\t\t\t<h5 class=\"elementor-heading-title elementor-size-default\">Nuestro equipo de trabajo compuesto por ingenieros en inform\u00e1tica, marketing, dise\u00f1o gr\u00e1fico apoyar\u00e1n los planes de su empresa desde la planificaci\u00f3n, organizaci\u00f3n, direcci\u00f3n y control para que sus sue\u00f1os se hagan realidad.<\/h5>\t\t<\/div>\n\t\t\t\t<\/div>\n\t\t\t\t<div class=\"elementor-element elementor-element-b3d116f gallery-spacing-custom elementor-widget elementor-widget-image-gallery\" data-id=\"b3d116f\" data-element_type=\"widget\" data-widget_type=\"image-gallery.default\">\n\t\t\t\t<div class=\"elementor-widget-container\">\n\t\t\t\t\t<div class=\"elementor-image-gallery\">\n\t\t\t<div id='gallery-1' class='gallery galleryid-25201 gallery-columns-3 gallery-size-full'><figure class='gallery-item'>\n\t\t\t<div class='gallery-icon landscape'>\n\t\t\t\t<a data-elementor-open-lightbox=\"yes\" data-elementor-lightbox-slideshow=\"b3d116f\" data-elementor-lightbox-title=\"mantenimiento y reparaci\u00f3n Pcs\" data-e-action-hash=\"#elementor-action%3Aaction%3Dlightbox%26settings%3DeyJpZCI6MjUzMjAsInVybCI6Imh0dHBzOlwvXC9tdWx0aW1lZGlhbG9qYS5jb21cL3dwLWNvbnRlbnRcL3VwbG9hZHNcLzIwMjFcLzA0XC9tYW50ZW5pbWllbnRvLXktcmVwYXJhY2lcdTAwZjNuLVBjcy5qcGciLCJzbGlkZXNob3ciOiJiM2QxMTZmIn0%3D\" href='https:\/\/multimedialoja.com\/wp-content\/uploads\/2021\/04\/mantenimiento-y-reparaci\u00f3n-Pcs.jpg'><img width=\"1200\" height=\"1200\" src=\"https:\/\/multimedialoja.com\/wp-content\/uploads\/2021\/04\/mantenimiento-y-reparaci\u00f3n-Pcs.jpg\" class=\"attachment-full size-full\" alt=\"\" decoding=\"async\" loading=\"lazy\" aria-describedby=\"gallery-1-25320\" srcset=\"https:\/\/multimedialoja.com\/wp-content\/uploads\/2021\/04\/mantenimiento-y-reparaci\u00f3n-Pcs.jpg 1200w, https:\/\/multimedialoja.com\/wp-content\/uploads\/2021\/04\/mantenimiento-y-reparaci\u00f3n-Pcs-300x300.jpg 300w, https:\/\/multimedialoja.com\/wp-content\/uploads\/2021\/04\/mantenimiento-y-reparaci\u00f3n-Pcs-1024x1024.jpg 1024w, https:\/\/multimedialoja.com\/wp-content\/uploads\/2021\/04\/mantenimiento-y-reparaci\u00f3n-Pcs-150x150.jpg 150w, https:\/\/multimedialoja.com\/wp-content\/uploads\/2021\/04\/mantenimiento-y-reparaci\u00f3n-Pcs-768x768.jpg 768w\" sizes=\"(max-width: 1200px) 100vw, 1200px\" \/><\/a>\n\t\t\t<\/div>\n\t\t\t\t<figcaption class='wp-caption-text gallery-caption' id='gallery-1-25320'>\n\t\t\t\tReparaci\u00f3n de equipos\n\t\t\t\t<\/figcaption><\/figure><figure class='gallery-item'>\n\t\t\t<div class='gallery-icon landscape'>\n\t\t\t\t<a data-elementor-open-lightbox=\"yes\" data-elementor-lightbox-slideshow=\"b3d116f\" data-elementor-lightbox-title=\"sitios web\" data-e-action-hash=\"#elementor-action%3Aaction%3Dlightbox%26settings%3DeyJpZCI6MjUzMjMsInVybCI6Imh0dHBzOlwvXC9tdWx0aW1lZGlhbG9qYS5jb21cL3dwLWNvbnRlbnRcL3VwbG9hZHNcLzIwMjFcLzA0XC9zaXRpb3Mtd2ViLmpwZyIsInNsaWRlc2hvdyI6ImIzZDExNmYifQ%3D%3D\" href='https:\/\/multimedialoja.com\/wp-content\/uploads\/2021\/04\/sitios-web.jpg'><img width=\"1200\" height=\"1200\" src=\"https:\/\/multimedialoja.com\/wp-content\/uploads\/2021\/04\/sitios-web.jpg\" class=\"attachment-full size-full\" alt=\"\" decoding=\"async\" loading=\"lazy\" aria-describedby=\"gallery-1-25323\" srcset=\"https:\/\/multimedialoja.com\/wp-content\/uploads\/2021\/04\/sitios-web.jpg 1200w, https:\/\/multimedialoja.com\/wp-content\/uploads\/2021\/04\/sitios-web-300x300.jpg 300w, https:\/\/multimedialoja.com\/wp-content\/uploads\/2021\/04\/sitios-web-1024x1024.jpg 1024w, https:\/\/multimedialoja.com\/wp-content\/uploads\/2021\/04\/sitios-web-150x150.jpg 150w, https:\/\/multimedialoja.com\/wp-content\/uploads\/2021\/04\/sitios-web-768x768.jpg 768w\" sizes=\"(max-width: 1200px) 100vw, 1200px\" \/><\/a>\n\t\t\t<\/div>\n\t\t\t\t<figcaption class='wp-caption-text gallery-caption' id='gallery-1-25323'>\n\t\t\t\tSitios web responsivos\n\t\t\t\t<\/figcaption><\/figure><figure class='gallery-item'>\n\t\t\t<div class='gallery-icon landscape'>\n\t\t\t\t<a data-elementor-open-lightbox=\"yes\" data-elementor-lightbox-slideshow=\"b3d116f\" data-elementor-lightbox-title=\"preentaciones multimedia\" data-e-action-hash=\"#elementor-action%3Aaction%3Dlightbox%26settings%3DeyJpZCI6MjUzMjIsInVybCI6Imh0dHBzOlwvXC9tdWx0aW1lZGlhbG9qYS5jb21cL3dwLWNvbnRlbnRcL3VwbG9hZHNcLzIwMjFcLzA0XC9wcmVlbnRhY2lvbmVzLW11bHRpbWVkaWEuanBnIiwic2xpZGVzaG93IjoiYjNkMTE2ZiJ9\" href='https:\/\/multimedialoja.com\/wp-content\/uploads\/2021\/04\/preentaciones-multimedia.jpg'><img width=\"1200\" height=\"1200\" src=\"https:\/\/multimedialoja.com\/wp-content\/uploads\/2021\/04\/preentaciones-multimedia.jpg\" class=\"attachment-full size-full\" alt=\"\" decoding=\"async\" loading=\"lazy\" aria-describedby=\"gallery-1-25322\" srcset=\"https:\/\/multimedialoja.com\/wp-content\/uploads\/2021\/04\/preentaciones-multimedia.jpg 1200w, https:\/\/multimedialoja.com\/wp-content\/uploads\/2021\/04\/preentaciones-multimedia-300x300.jpg 300w, https:\/\/multimedialoja.com\/wp-content\/uploads\/2021\/04\/preentaciones-multimedia-1024x1024.jpg 1024w, https:\/\/multimedialoja.com\/wp-content\/uploads\/2021\/04\/preentaciones-multimedia-150x150.jpg 150w, https:\/\/multimedialoja.com\/wp-content\/uploads\/2021\/04\/preentaciones-multimedia-768x768.jpg 768w\" sizes=\"(max-width: 1200px) 100vw, 1200px\" \/><\/a>\n\t\t\t<\/div>\n\t\t\t\t<figcaption class='wp-caption-text gallery-caption' id='gallery-1-25322'>\n\t\t\t\tPresentaciones multimedia\n\t\t\t\t<\/figcaption><\/figure><figure class='gallery-item'>\n\t\t\t<div class='gallery-icon landscape'>\n\t\t\t\t<a data-elementor-open-lightbox=\"yes\" data-elementor-lightbox-slideshow=\"b3d116f\" data-elementor-lightbox-title=\"e commerce\" data-e-action-hash=\"#elementor-action%3Aaction%3Dlightbox%26settings%3DeyJpZCI6MjUzMTksInVybCI6Imh0dHBzOlwvXC9tdWx0aW1lZGlhbG9qYS5jb21cL3dwLWNvbnRlbnRcL3VwbG9hZHNcLzIwMjFcLzA0XC9lLWNvbW1lcmNlLmpwZyIsInNsaWRlc2hvdyI6ImIzZDExNmYifQ%3D%3D\" href='https:\/\/multimedialoja.com\/wp-content\/uploads\/2021\/04\/e-commerce.jpg'><img width=\"1200\" height=\"1200\" src=\"https:\/\/multimedialoja.com\/wp-content\/uploads\/2021\/04\/e-commerce.jpg\" class=\"attachment-full size-full\" alt=\"\" decoding=\"async\" loading=\"lazy\" aria-describedby=\"gallery-1-25319\" srcset=\"https:\/\/multimedialoja.com\/wp-content\/uploads\/2021\/04\/e-commerce.jpg 1200w, https:\/\/multimedialoja.com\/wp-content\/uploads\/2021\/04\/e-commerce-300x300.jpg 300w, https:\/\/multimedialoja.com\/wp-content\/uploads\/2021\/04\/e-commerce-1024x1024.jpg 1024w, https:\/\/multimedialoja.com\/wp-content\/uploads\/2021\/04\/e-commerce-150x150.jpg 150w, https:\/\/multimedialoja.com\/wp-content\/uploads\/2021\/04\/e-commerce-768x768.jpg 768w\" sizes=\"(max-width: 1200px) 100vw, 1200px\" \/><\/a>\n\t\t\t<\/div>\n\t\t\t\t<figcaption class='wp-caption-text gallery-caption' id='gallery-1-25319'>\n\t\t\t\tTiendas en l\u00ednea\n\t\t\t\t<\/figcaption><\/figure><figure class='gallery-item'>\n\t\t\t<div class='gallery-icon landscape'>\n\t\t\t\t<a data-elementor-open-lightbox=\"yes\" data-elementor-lightbox-slideshow=\"b3d116f\" data-elementor-lightbox-title=\"campa\u00f1as publiscitarias\" data-e-action-hash=\"#elementor-action%3Aaction%3Dlightbox%26settings%3DeyJpZCI6MjUzMTgsInVybCI6Imh0dHBzOlwvXC9tdWx0aW1lZGlhbG9qYS5jb21cL3dwLWNvbnRlbnRcL3VwbG9hZHNcLzIwMjFcLzA0XC9jYW1wYVx1MDBmMWFzLXB1Ymxpc2NpdGFyaWFzLmpwZyIsInNsaWRlc2hvdyI6ImIzZDExNmYifQ%3D%3D\" href='https:\/\/multimedialoja.com\/wp-content\/uploads\/2021\/04\/campa\u00f1as-publiscitarias.jpg'><img width=\"1200\" height=\"1200\" src=\"https:\/\/multimedialoja.com\/wp-content\/uploads\/2021\/04\/campa\u00f1as-publiscitarias.jpg\" class=\"attachment-full size-full\" alt=\"\" decoding=\"async\" loading=\"lazy\" aria-describedby=\"gallery-1-25318\" srcset=\"https:\/\/multimedialoja.com\/wp-content\/uploads\/2021\/04\/campa\u00f1as-publiscitarias.jpg 1200w, https:\/\/multimedialoja.com\/wp-content\/uploads\/2021\/04\/campa\u00f1as-publiscitarias-300x300.jpg 300w, https:\/\/multimedialoja.com\/wp-content\/uploads\/2021\/04\/campa\u00f1as-publiscitarias-1024x1024.jpg 1024w, https:\/\/multimedialoja.com\/wp-content\/uploads\/2021\/04\/campa\u00f1as-publiscitarias-150x150.jpg 150w, https:\/\/multimedialoja.com\/wp-content\/uploads\/2021\/04\/campa\u00f1as-publiscitarias-768x768.jpg 768w\" sizes=\"(max-width: 1200px) 100vw, 1200px\" \/><\/a>\n\t\t\t<\/div>\n\t\t\t\t<figcaption class='wp-caption-text gallery-caption' id='gallery-1-25318'>\n\t\t\t\tMarketing digital\n\t\t\t\t<\/figcaption><\/figure><figure class='gallery-item'>\n\t\t\t<div class='gallery-icon landscape'>\n\t\t\t\t<a data-elementor-open-lightbox=\"yes\" data-elementor-lightbox-slideshow=\"b3d116f\" data-elementor-lightbox-title=\"plataformas educativas\" data-e-action-hash=\"#elementor-action%3Aaction%3Dlightbox%26settings%3DeyJpZCI6MjUzMjEsInVybCI6Imh0dHBzOlwvXC9tdWx0aW1lZGlhbG9qYS5jb21cL3dwLWNvbnRlbnRcL3VwbG9hZHNcLzIwMjFcLzA0XC9wbGF0YWZvcm1hcy1lZHVjYXRpdmFzLmpwZWciLCJzbGlkZXNob3ciOiJiM2QxMTZmIn0%3D\" href='https:\/\/multimedialoja.com\/wp-content\/uploads\/2021\/04\/plataformas-educativas.jpeg'><img width=\"1200\" height=\"1200\" src=\"https:\/\/multimedialoja.com\/wp-content\/uploads\/2021\/04\/plataformas-educativas.jpeg\" class=\"attachment-full size-full\" alt=\"\" decoding=\"async\" loading=\"lazy\" aria-describedby=\"gallery-1-25321\" srcset=\"https:\/\/multimedialoja.com\/wp-content\/uploads\/2021\/04\/plataformas-educativas.jpeg 1200w, https:\/\/multimedialoja.com\/wp-content\/uploads\/2021\/04\/plataformas-educativas-300x300.jpeg 300w, https:\/\/multimedialoja.com\/wp-content\/uploads\/2021\/04\/plataformas-educativas-1024x1024.jpeg 1024w, https:\/\/multimedialoja.com\/wp-content\/uploads\/2021\/04\/plataformas-educativas-150x150.jpeg 150w, https:\/\/multimedialoja.com\/wp-content\/uploads\/2021\/04\/plataformas-educativas-768x768.jpeg 768w\" sizes=\"(max-width: 1200px) 100vw, 1200px\" \/><\/a>\n\t\t\t<\/div>\n\t\t\t\t<figcaption class='wp-caption-text gallery-caption' id='gallery-1-25321'>\n\t\t\t\tPlataformas educativas\n\t\t\t\t<\/figcaption><\/figure>\n\t\t<\/div>\n\t\t<\/div>\n\t\t\t\t<\/div>\n\t\t\t\t<\/div>\n\t\t\t\t\t<\/div>\n\t\t<\/div>\n\t\t\t\t\t\t\t<\/div>\n\t\t<\/section>\n\t\t\t\t<section class=\"elementor-section elementor-top-section elementor-element elementor-element-5f48f41 elementor-section-boxed elementor-section-height-default elementor-section-height-default\" data-id=\"5f48f41\" data-element_type=\"section\">\n\t\t\t\t\t\t<div class=\"elementor-container elementor-column-gap-default\">\n\t\t\t\t\t<div class=\"elementor-column elementor-col-100 elementor-top-column elementor-element elementor-element-8f16096\" data-id=\"8f16096\" data-element_type=\"column\">\n\t\t\t<div class=\"elementor-widget-wrap elementor-element-populated\">\n\t\t\t\t\t\t\t\t<div class=\"elementor-element elementor-element-7fc1cb5 elementor-widget elementor-widget-button\" data-id=\"7fc1cb5\" data-element_type=\"widget\" data-widget_type=\"button.default\">\n\t\t\t\t<div class=\"elementor-widget-container\">\n\t\t\t\t\t<div class=\"elementor-button-wrapper\">\n\t\t\t<a class=\"elementor-button elementor-button-link elementor-size-sm\" href=\"http:\/\/multimedialoja.com\/index.php\/contact\/\">\n\t\t\t\t\t\t<span class=\"elementor-button-content-wrapper\">\n\t\t\t\t\t\t<span class=\"elementor-button-icon elementor-align-icon-left\">\n\t\t\t\t<i aria-hidden=\"true\" class=\"far fa-envelope\"><\/i>\t\t\t<\/span>\n\t\t\t\t\t\t<span class=\"elementor-button-text\">Deseo informacion<\/span>\n\t\t<\/span>\n\t\t\t\t\t<\/a>\n\t\t<\/div>\n\t\t\t\t<\/div>\n\t\t\t\t<\/div>\n\t\t\t\t\t<\/div>\n\t\t<\/div>\n\t\t\t\t\t\t\t<\/div>\n\t\t<\/section>\n\t\t\t\t<section class=\"elementor-section elementor-top-section elementor-element elementor-element-7119297f elementor-section-content-middle elementor-section-boxed elementor-section-height-default elementor-section-height-default\" data-id=\"7119297f\" data-element_type=\"section\">\n\t\t\t\t\t\t<div class=\"elementor-container elementor-column-gap-no\">\n\t\t\t\t\t<div class=\"elementor-column elementor-col-100 elementor-top-column elementor-element elementor-element-42a3e946\" data-id=\"42a3e946\" data-element_type=\"column\">\n\t\t\t<div class=\"elementor-widget-wrap elementor-element-populated\">\n\t\t\t\t\t\t\t\t<div class=\"elementor-element elementor-element-1504ed1f elementor-widget elementor-widget-heading\" data-id=\"1504ed1f\" data-element_type=\"widget\" data-widget_type=\"heading.default\">\n\t\t\t\t<div class=\"elementor-widget-container\">\n\t\t\t<h5 class=\"elementor-heading-title elementor-size-default\">Cont\u00e1ctanos<\/h5>\t\t<\/div>\n\t\t\t\t<\/div>\n\t\t\t\t<div class=\"elementor-element elementor-element-5e8716b elementor-widget elementor-widget-heading\" data-id=\"5e8716b\" data-element_type=\"widget\" data-widget_type=\"heading.default\">\n\t\t\t\t<div class=\"elementor-widget-container\">\n\t\t\t<h4 class=\"elementor-heading-title elementor-size-default\">593 098 3636 911<\/h4>\t\t<\/div>\n\t\t\t\t<\/div>\n\t\t\t\t<div class=\"elementor-element elementor-element-73298112 elementor-widget elementor-widget-heading\" data-id=\"73298112\" data-element_type=\"widget\" data-widget_type=\"heading.default\">\n\t\t\t\t<div class=\"elementor-widget-container\">\n\t\t\t<h4 class=\"elementor-heading-title elementor-size-default\">luismingaquezada@multimedialoja.com<\/h4>\t\t<\/div>\n\t\t\t\t<\/div>\n\t\t\t\t<div class=\"elementor-element elementor-element-4e132492 elementor-shape-circle elementor-grid-0 e-grid-align-center elementor-widget elementor-widget-social-icons\" data-id=\"4e132492\" data-element_type=\"widget\" data-widget_type=\"social-icons.default\">\n\t\t\t\t<div class=\"elementor-widget-container\">\n\t\t\t\t\t<div class=\"elementor-social-icons-wrapper elementor-grid\">\n\t\t\t\t\t\t\t<span class=\"elementor-grid-item\">\n\t\t\t\t\t<a class=\"elementor-icon elementor-social-icon elementor-social-icon-facebook-f elementor-animation-grow elementor-repeater-item-9c86cde\" target=\"_blank\">\n\t\t\t\t\t\t<span class=\"elementor-screen-only\">Facebook-f<\/span>\n\t\t\t\t\t\t<i class=\"fab fa-facebook-f\"><\/i>\t\t\t\t\t<\/a>\n\t\t\t\t<\/span>\n\t\t\t\t\t\t\t<span class=\"elementor-grid-item\">\n\t\t\t\t\t<a class=\"elementor-icon elementor-social-icon elementor-social-icon-instagram elementor-animation-grow elementor-repeater-item-7bcbd9e\" target=\"_blank\">\n\t\t\t\t\t\t<span class=\"elementor-screen-only\">Instagram<\/span>\n\t\t\t\t\t\t<i class=\"fab fa-instagram\"><\/i>\t\t\t\t\t<\/a>\n\t\t\t\t<\/span>\n\t\t\t\t\t\t\t<span class=\"elementor-grid-item\">\n\t\t\t\t\t<a class=\"elementor-icon elementor-social-icon elementor-social-icon-youtube elementor-animation-grow elementor-repeater-item-31673c9\" target=\"_blank\">\n\t\t\t\t\t\t<span class=\"elementor-screen-only\">Youtube<\/span>\n\t\t\t\t\t\t<i class=\"fab fa-youtube\"><\/i>\t\t\t\t\t<\/a>\n\t\t\t\t<\/span>\n\t\t\t\t\t<\/div>\n\t\t\t\t<\/div>\n\t\t\t\t<\/div>\n\t\t\t\t\t<\/div>\n\t\t<\/div>\n\t\t\t\t\t\t\t<\/div>\n\t\t<\/section>\n\t\t\t\t\t\t\t<\/div>\n\t\t","protected":false},"excerpt":{"rendered":"<p>Profesionales a su servicio Nuestro equipo de trabajo compuesto por ingenieros en inform\u00e1tica, marketing, dise\u00f1o gr\u00e1fico apoyar\u00e1n los planes de su empresa desde la planificaci\u00f3n, organizaci\u00f3n, direcci\u00f3n y control para que sus sue\u00f1os se hagan realidad. Reparaci\u00f3n de equipos Sitios web responsivos Presentaciones multimedia Tiendas en l\u00ednea Marketing digital Plataformas educativas Deseo informacion Cont\u00e1ctanos 593 &hellip;<\/p>\n<p class=\"read-more\"> <a class=\"\" href=\"https:\/\/multimedialoja.com\/index.php\/servicios\/\"> <span class=\"screen-reader-text\">Multimedia<\/span> Leer m\u00e1s &raquo;<\/a><\/p>\n","protected":false},"author":1,"featured_media":0,"parent":0,"menu_order":0,"comment_status":"closed","ping_status":"closed","template":"","meta":[],"_links":{"self":[{"href":"https:\/\/multimedialoja.com\/index.php\/wp-json\/wp\/v2\/pages\/25201"}],"collection":[{"href":"https:\/\/multimedialoja.com\/index.php\/wp-json\/wp\/v2\/pages"}],"about":[{"href":"https:\/\/multimedialoja.com\/index.php\/wp-json\/wp\/v2\/types\/page"}],"author":[{"embeddable":true,"href":"https:\/\/multimedialoja.com\/index.php\/wp-json\/wp\/v2\/users\/1"}],"replies":[{"embeddable":true,"href":"https:\/\/multimedialoja.com\/index.php\/wp-json\/wp\/v2\/comments?post=25201"}],"version-history":[{"count":46,"href":"https:\/\/multimedialoja.com\/index.php\/wp-json\/wp\/v2\/pages\/25201\/revisions"}],"predecessor-version":[{"id":26006,"href":"https:\/\/multimedialoja.com\/index.php\/wp-json\/wp\/v2\/pages\/25201\/revisions\/26006"}],"wp:attachment":[{"href":"https:\/\/multimedialoja.com\/index.php\/wp-json\/wp\/v2\/media?parent=25201"}],"curies":[{"name":"wp","href":"https:\/\/api.w.org\/{rel}","templated":true}]}}